{"id":39,"date":"2021-06-11T22:25:10","date_gmt":"2021-06-11T22:25:10","guid":{"rendered":"https:\/\/loboadvogados.com\/teste2021\/?page_id=39"},"modified":"2022-10-27T21:26:06","modified_gmt":"2022-10-27T21:26:06","slug":"profissionais","status":"publish","type":"page","link":"https:\/\/loboadvogados.com\/site\/profissionais\/","title":{"rendered":"Profissionais"},"content":{"rendered":"\t\t<div data-elementor-type=\"wp-page\" data-elementor-id=\"39\" class=\"elementor elementor-39\" data-elementor-post-type=\"page\">\n\t\t\t\t\t\t<section class=\"elementor-section elementor-top-section elementor-element elementor-element-3ed690e elementor-section-full_width elementor-section-height-min-height elementor-section-height-default elementor-section-items-middle\" data-id=\"3ed690e\" data-element_type=\"section\" data-e-type=\"section\" id=\"linkseccion\" data-settings=\"{&quot;background_background&quot;:&quot;classic&quot;}\">\n\t\t\t\t\t\t\t<div class=\"elementor-background-overlay\"><\/div>\n\t\t\t\t\t\t\t<div class=\"elementor-container elementor-column-gap-no\">\n\t\t\t\t\t<div class=\"elementor-column elementor-col-100 elementor-top-column elementor-element elementor-element-4d29633\" data-id=\"4d29633\" data-element_type=\"column\" data-e-type=\"column\">\n\t\t\t<div class=\"elementor-widget-wrap elementor-element-populated\">\n\t\t\t\t\t\t<div class=\"elementor-element elementor-element-c049125 elementor-invisible elementor-widget elementor-widget-heading\" data-id=\"c049125\" data-element_type=\"widget\" data-e-type=\"widget\" data-settings=\"{&quot;_animation&quot;:&quot;fadeInDown&quot;}\" data-widget_type=\"heading.default\">\n\t\t\t\t<div class=\"elementor-widget-container\">\n\t\t\t\t\t<h2 class=\"elementor-heading-title elementor-size-default\">PROFISSIONAIS<\/h2>\t\t\t\t<\/div>\n\t\t\t\t<\/div>\n\t\t\t\t<div class=\"elementor-element elementor-element-315390b elementor-widget-divider--view-line elementor-invisible elementor-widget elementor-widget-divider\" data-id=\"315390b\" data-element_type=\"widget\" data-e-type=\"widget\" data-settings=\"{&quot;_animation&quot;:&quot;fadeInUp&quot;}\" data-widget_type=\"divider.default\">\n\t\t\t\t<div class=\"elementor-widget-container\">\n\t\t\t\t\t\t\t<div class=\"elementor-divider\">\n\t\t\t<span class=\"elementor-divider-separator\">\n\t\t\t\t\t\t<\/span>\n\t\t<\/div>\n\t\t\t\t\t\t<\/div>\n\t\t\t\t<\/div>\n\t\t\t\t\t<\/div>\n\t\t<\/div>\n\t\t\t\t\t<\/div>\n\t\t<\/section>\n\t\t\t\t<section class=\"elementor-section elementor-top-section elementor-element elementor-element-61b94d9 elementor-section-full_width elementor-section-content-middle elementor-section-height-min-height elementor-section-height-default elementor-section-items-middle\" data-id=\"61b94d9\" data-element_type=\"section\" data-e-type=\"section\" data-settings=\"{&quot;background_background&quot;:&quot;classic&quot;}\">\n\t\t\t\t\t\t<div class=\"elementor-container elementor-column-gap-no\">\n\t\t\t\t\t<div class=\"elementor-column elementor-col-100 elementor-top-column elementor-element elementor-element-f8d243d\" data-id=\"f8d243d\" data-element_type=\"column\" data-e-type=\"column\">\n\t\t\t<div class=\"elementor-widget-wrap elementor-element-populated\">\n\t\t\t\t\t\t<div class=\"elementor-element elementor-element-398b5d4 elementor-widget__width-initial elementor-view-default elementor-widget elementor-widget-icon\" data-id=\"398b5d4\" data-element_type=\"widget\" data-e-type=\"widget\" data-widget_type=\"icon.default\">\n\t\t\t\t<div class=\"elementor-widget-container\">\n\t\t\t\t\t\t\t<div class=\"elementor-icon-wrapper\">\n\t\t\t<a class=\"elementor-icon\" href=\"https:\/\/loboadvogados.com\">\n\t\t\t<i aria-hidden=\"true\" class=\"fas fa-home\"><\/i>\t\t\t<\/a>\n\t\t<\/div>\n\t\t\t\t\t\t<\/div>\n\t\t\t\t<\/div>\n\t\t\t\t<div class=\"elementor-element elementor-element-e33b824 elementor-widget__width-initial elementor-view-default elementor-widget elementor-widget-icon\" data-id=\"e33b824\" data-element_type=\"widget\" data-e-type=\"widget\" data-widget_type=\"icon.default\">\n\t\t\t\t<div class=\"elementor-widget-container\">\n\t\t\t\t\t\t\t<div class=\"elementor-icon-wrapper\">\n\t\t\t<div class=\"elementor-icon\">\n\t\t\t<i aria-hidden=\"true\" class=\"fas fa-angle-right\"><\/i>\t\t\t<\/div>\n\t\t<\/div>\n\t\t\t\t\t\t<\/div>\n\t\t\t\t<\/div>\n\t\t\t\t\t<\/div>\n\t\t<\/div>\n\t\t\t\t\t<\/div>\n\t\t<\/section>\n\t\t\t\t<section class=\"elementor-section elementor-top-section elementor-element elementor-element-e8f45e7 elementor-section-full_width elementor-section-content-top elementor-section-height-default elementor-section-height-default\" data-id=\"e8f45e7\" data-element_type=\"section\" data-e-type=\"section\">\n\t\t\t\t\t\t<div class=\"elementor-container elementor-column-gap-no\">\n\t\t\t\t\t<div class=\"elementor-column elementor-col-50 elementor-top-column elementor-element elementor-element-4c0c25a\" data-id=\"4c0c25a\" data-element_type=\"column\" data-e-type=\"column\" data-settings=\"{&quot;background_background&quot;:&quot;classic&quot;}\">\n\t\t\t<div class=\"elementor-widget-wrap elementor-element-populated\">\n\t\t\t\t\t\t<div class=\"elementor-element elementor-element-f1481d8 elementor-widget elementor-widget-image\" data-id=\"f1481d8\" data-element_type=\"widget\" data-e-type=\"widget\" data-widget_type=\"image.default\">\n\t\t\t\t<div class=\"elementor-widget-container\">\n\t\t\t\t\t\t\t\t\t\t\t\t\t\t\t<img fetchpriority=\"high\" decoding=\"async\" width=\"350\" height=\"451\" src=\"https:\/\/loboadvogados.com\/site\/wp-content\/uploads\/2022\/04\/marcelo.png\" class=\"attachment-full size-full wp-image-13299\" alt=\"\" srcset=\"https:\/\/loboadvogados.com\/site\/wp-content\/uploads\/2022\/04\/marcelo.png 350w, https:\/\/loboadvogados.com\/site\/wp-content\/uploads\/2022\/04\/marcelo-233x300.png 233w\" sizes=\"(max-width: 350px) 100vw, 350px\" style=\"width:100%;height:128.86%;max-width:350px\" \/>\t\t\t\t\t\t\t\t\t\t\t\t\t\t\t<\/div>\n\t\t\t\t<\/div>\n\t\t\t\t<div class=\"elementor-element elementor-element-97cf5a6 elementor-widget elementor-widget-heading\" data-id=\"97cf5a6\" data-element_type=\"widget\" data-e-type=\"widget\" data-widget_type=\"heading.default\">\n\t\t\t\t<div class=\"elementor-widget-container\">\n\t\t\t\t\t<h3 class=\"elementor-heading-title elementor-size-default\">Marcelo Pereira Lobo<\/h3>\t\t\t\t<\/div>\n\t\t\t\t<\/div>\n\t\t\t\t<div class=\"elementor-element elementor-element-fc8e783 elementor-widget-divider--view-line elementor-widget elementor-widget-divider\" data-id=\"fc8e783\" data-element_type=\"widget\" data-e-type=\"widget\" data-widget_type=\"divider.default\">\n\t\t\t\t<div class=\"elementor-widget-container\">\n\t\t\t\t\t\t\t<div class=\"elementor-divider\">\n\t\t\t<span class=\"elementor-divider-separator\">\n\t\t\t\t\t\t<\/span>\n\t\t<\/div>\n\t\t\t\t\t\t<\/div>\n\t\t\t\t<\/div>\n\t\t\t\t<div class=\"elementor-element elementor-element-74656f5 elementor-widget elementor-widget-text-editor\" data-id=\"74656f5\" data-element_type=\"widget\" data-e-type=\"widget\" data-widget_type=\"text-editor.default\">\n\t\t\t\t<div class=\"elementor-widget-container\">\n\t\t\t\t\t\t\t\t\t<p><span style=\"color: var( --e-global-color-text ); font-family: var( --e-global-typography-primary-font-family ), Sans-serif; font-size: var( --e-global-typography-primary-font-size ); font-weight: var( --e-global-typography-primary-font-weight ); letter-spacing: var( --e-global-typography-primary-letter-spacing );\">Advogado inscrito na OAB\/SC sob o n. 12.325; formado pela Faculdade de Direito da Universidade do Vale do Itaja\u00ed (UNIVALI); p\u00f3s-graduado em Media\u00e7\u00e3o e Arbitragem pela Universidade Federal; p\u00f3s-graduado em Direito Empresarial pela Escola Brasileira de Direito (EBRADI); coautor da obra \u201cResponsabilidade civil do fabricante e intermedi\u00e1rios por defeitos de equipamentos e programas de inform\u00e1tica \u2013 direito e processo\u201d, da editora Revista dos Tribunais (2000).<\/span><br><\/p>\t\t\t\t\t\t\t\t<\/div>\n\t\t\t\t<\/div>\n\t\t\t\t<div class=\"elementor-element elementor-element-a8c5218 elementor-widget elementor-widget-image\" data-id=\"a8c5218\" data-element_type=\"widget\" data-e-type=\"widget\" data-widget_type=\"image.default\">\n\t\t\t\t<div class=\"elementor-widget-container\">\n\t\t\t\t\t\t\t\t\t\t\t\t\t\t\t<img decoding=\"async\" width=\"350\" height=\"441\" src=\"https:\/\/loboadvogados.com\/site\/wp-content\/uploads\/2022\/04\/jonathan.png\" class=\"attachment-full size-full wp-image-13298\" alt=\"\" srcset=\"https:\/\/loboadvogados.com\/site\/wp-content\/uploads\/2022\/04\/jonathan.png 350w, https:\/\/loboadvogados.com\/site\/wp-content\/uploads\/2022\/04\/jonathan-238x300.png 238w\" sizes=\"(max-width: 350px) 100vw, 350px\" style=\"width:100%;height:126%;max-width:350px\" \/>\t\t\t\t\t\t\t\t\t\t\t\t\t\t\t<\/div>\n\t\t\t\t<\/div>\n\t\t\t\t<div class=\"elementor-element elementor-element-0fd95bd elementor-widget elementor-widget-heading\" data-id=\"0fd95bd\" data-element_type=\"widget\" data-e-type=\"widget\" data-widget_type=\"heading.default\">\n\t\t\t\t<div class=\"elementor-widget-container\">\n\t\t\t\t\t<h3 class=\"elementor-heading-title elementor-size-default\">Jonathan Jos\u00e9 M. R da Veiga Kegler<\/h3>\t\t\t\t<\/div>\n\t\t\t\t<\/div>\n\t\t\t\t<div class=\"elementor-element elementor-element-a0f23d3 elementor-widget-divider--view-line elementor-widget elementor-widget-divider\" data-id=\"a0f23d3\" data-element_type=\"widget\" data-e-type=\"widget\" data-widget_type=\"divider.default\">\n\t\t\t\t<div class=\"elementor-widget-container\">\n\t\t\t\t\t\t\t<div class=\"elementor-divider\">\n\t\t\t<span class=\"elementor-divider-separator\">\n\t\t\t\t\t\t<\/span>\n\t\t<\/div>\n\t\t\t\t\t\t<\/div>\n\t\t\t\t<\/div>\n\t\t\t\t<div class=\"elementor-element elementor-element-1f1f16c elementor-widget elementor-widget-text-editor\" data-id=\"1f1f16c\" data-element_type=\"widget\" data-e-type=\"widget\" data-widget_type=\"text-editor.default\">\n\t\t\t\t<div class=\"elementor-widget-container\">\n\t\t\t\t\t\t\t\t\t<p><span style=\"letter-spacing: 0.3px; color: var( --e-global-color-text ); font-family: var( --e-global-typography-primary-font-family ), Sans-serif; font-size: var( --e-global-typography-primary-font-size ); font-weight: var( --e-global-typography-primary-font-weight );\">Advogado inscrito na OAB\/SC sob o n. 30.487;<\/span>&nbsp;formado pela Faculdade de Direito da Universidade da Regi\u00e3o de Joinville (UNIVILLE); p\u00f3s-graduado em Direito Constitucional pela Academia Brasileira de Direito Constitucional (ABDConst); p\u00f3s-graduado em Direito Empresarial e Tribut\u00e1rio pelo Instituto Nacional de P\u00f3s Gradua\u00e7\u00e3o (INPG).<\/p>\t\t\t\t\t\t\t\t<\/div>\n\t\t\t\t<\/div>\n\t\t\t\t<div class=\"elementor-element elementor-element-53a7b93 elementor-fixed elementor-widget__width-initial elementor-view-stacked elementor-shape-square elementor-widget elementor-widget-icon\" data-id=\"53a7b93\" data-element_type=\"widget\" data-e-type=\"widget\" data-settings=\"{&quot;_position&quot;:&quot;fixed&quot;,&quot;_animation&quot;:&quot;none&quot;}\" data-widget_type=\"icon.default\">\n\t\t\t\t<div class=\"elementor-widget-container\">\n\t\t\t\t\t\t\t<div class=\"elementor-icon-wrapper\">\n\t\t\t<a class=\"elementor-icon\" href=\"#linkseccion\">\n\t\t\t<i aria-hidden=\"true\" class=\"fas fa-chevron-up\"><\/i>\t\t\t<\/a>\n\t\t<\/div>\n\t\t\t\t\t\t<\/div>\n\t\t\t\t<\/div>\n\t\t\t\t\t<\/div>\n\t\t<\/div>\n\t\t\t\t<div class=\"elementor-column elementor-col-50 elementor-top-column elementor-element elementor-element-1ef3fdf\" data-id=\"1ef3fdf\" data-element_type=\"column\" data-e-type=\"column\">\n\t\t\t<div class=\"elementor-widget-wrap elementor-element-populated\">\n\t\t\t\t\t\t<div class=\"elementor-element elementor-element-53a145b elementor-widget elementor-widget-table-of-contents\" data-id=\"53a145b\" data-element_type=\"widget\" data-e-type=\"widget\" data-settings=\"{&quot;headings_by_tags&quot;:[&quot;h3&quot;],&quot;exclude_headings_by_selector&quot;:&quot;H6&quot;,&quot;marker_view&quot;:&quot;bullets&quot;,&quot;icon&quot;:{&quot;value&quot;:&quot;fas fa-angle-right&quot;,&quot;library&quot;:&quot;fa-solid&quot;},&quot;min_height&quot;:{&quot;unit&quot;:&quot;px&quot;,&quot;size&quot;:0,&quot;sizes&quot;:[]},&quot;no_headings_message&quot;:&quot;No headings were found on this page.&quot;,&quot;hierarchical_view&quot;:&quot;yes&quot;,&quot;min_height_tablet&quot;:{&quot;unit&quot;:&quot;px&quot;,&quot;size&quot;:&quot;&quot;,&quot;sizes&quot;:[]},&quot;min_height_mobile&quot;:{&quot;unit&quot;:&quot;px&quot;,&quot;size&quot;:&quot;&quot;,&quot;sizes&quot;:[]}}\" data-widget_type=\"table-of-contents.default\">\n\t\t\t\t<div class=\"elementor-widget-container\">\n\t\t\t\t\t\t\t<div class=\"elementor-toc__header\">\n\t\t\t<h3 class=\"elementor-toc__header-title\">\n\t\t\t\tProfissionais\t\t\t<\/h3>\n\t\t\t\t\t<\/div>\n\t\t<div id=\"elementor-toc__53a145b\" class=\"elementor-toc__body\">\n\t\t\t<div class=\"elementor-toc__spinner-container\">\n\t\t\t\t<i class=\"elementor-toc__spinner eicon-animation-spin eicon-loading\" aria-hidden=\"true\"><\/i>\t\t\t<\/div>\n\t\t<\/div>\n\t\t\t\t\t\t<\/div>\n\t\t\t\t<\/div>\n\t\t\t\t<div class=\"elementor-element elementor-element-362d4f4 elementor-widget elementor-widget-heading\" data-id=\"362d4f4\" data-element_type=\"widget\" data-e-type=\"widget\" data-widget_type=\"heading.default\">\n\t\t\t\t<div class=\"elementor-widget-container\">\n\t\t\t\t\t<h2 class=\"elementor-heading-title elementor-size-default\">\u00daltimos posts<\/h2>\t\t\t\t<\/div>\n\t\t\t\t<\/div>\n\t\t\t\t<div class=\"elementor-element elementor-element-ef87979 elementor-grid-1 elementor-posts--align-left elementor-posts--thumbnail-none elementor-grid-tablet-2 elementor-grid-mobile-1 elementor-widget elementor-widget-posts\" data-id=\"ef87979\" data-element_type=\"widget\" data-e-type=\"widget\" data-settings=\"{&quot;classic_columns&quot;:&quot;1&quot;,&quot;classic_row_gap&quot;:{&quot;unit&quot;:&quot;px&quot;,&quot;size&quot;:15,&quot;sizes&quot;:[]},&quot;classic_row_gap_mobile&quot;:{&quot;unit&quot;:&quot;px&quot;,&quot;size&quot;:30,&quot;sizes&quot;:[]},&quot;classic_columns_tablet&quot;:&quot;2&quot;,&quot;classic_columns_mobile&quot;:&quot;1&quot;,&quot;classic_row_gap_tablet&quot;:{&quot;unit&quot;:&quot;px&quot;,&quot;size&quot;:&quot;&quot;,&quot;sizes&quot;:[]}}\" data-widget_type=\"posts.classic\">\n\t\t\t\t<div class=\"elementor-widget-container\">\n\t\t\t\t\t\t\t<div class=\"elementor-posts-container elementor-posts elementor-posts--skin-classic elementor-grid\">\n\t\t\t\t<article class=\"elementor-post elementor-grid-item post-14956 post type-post status-publish format-standard hentry category-semcatogoria tag-stf-uniao-estavel-casamento-regime-separacao-de-bens-idoso entry\">\n\t\t\t\t<div class=\"elementor-post__text\">\n\t\t\t\t<h6 class=\"elementor-post__title\">\n\t\t\t<a href=\"https:\/\/loboadvogados.com\/site\/25-anos-de-lobo-advogados\/\" >\n\t\t\t\t25 anos de Lobo Advogados\t\t\t<\/a>\n\t\t<\/h6>\n\t\t\t\t<div class=\"elementor-post__meta-data\">\n\t\t\t\t\t<span class=\"elementor-post-date\">\n\t\t\t29\/08\/2025\t\t<\/span>\n\t\t\t\t<\/div>\n\t\t\t\t<div class=\"elementor-post__excerpt\">\n\t\t\t\t\t<\/div>\n\t\t\n\t\t<a class=\"elementor-post__read-more\" href=\"https:\/\/loboadvogados.com\/site\/25-anos-de-lobo-advogados\/\" aria-label=\"Read more about 25 anos de Lobo Advogados\" tabindex=\"-1\" >\n\t\t\tLEIA MAIS +\t\t<\/a>\n\n\t\t\t\t<\/div>\n\t\t\t\t<\/article>\n\t\t\t\t<article class=\"elementor-post elementor-grid-item post-14784 post type-post status-publish format-standard hentry category-contencioso-judicial tag-stf-uniao-estavel-casamento-regime-separacao-de-bens-idoso entry\">\n\t\t\t\t<div class=\"elementor-post__text\">\n\t\t\t\t<h6 class=\"elementor-post__title\">\n\t\t\t<a href=\"https:\/\/loboadvogados.com\/site\/stf-define-que-separacao-de-bens-em-casamento-de-pessoas-acima-de-70-anos-nao-e-obrigatoria\/\" >\n\t\t\t\tSTF define que separa\u00e7\u00e3o de bens em casamento de pessoas acima de 70 anos n\u00e3o \u00e9 obrigat\u00f3ria\t\t\t<\/a>\n\t\t<\/h6>\n\t\t\t\t<div class=\"elementor-post__meta-data\">\n\t\t\t\t\t<span class=\"elementor-post-date\">\n\t\t\t02\/02\/2024\t\t<\/span>\n\t\t\t\t<\/div>\n\t\t\t\t<div class=\"elementor-post__excerpt\">\n\t\t\t\t\t<\/div>\n\t\t\n\t\t<a class=\"elementor-post__read-more\" href=\"https:\/\/loboadvogados.com\/site\/stf-define-que-separacao-de-bens-em-casamento-de-pessoas-acima-de-70-anos-nao-e-obrigatoria\/\" aria-label=\"Read more about STF define que separa\u00e7\u00e3o de bens em casamento de pessoas acima de 70 anos n\u00e3o \u00e9 obrigat\u00f3ria\" tabindex=\"-1\" >\n\t\t\tLEIA MAIS +\t\t<\/a>\n\n\t\t\t\t<\/div>\n\t\t\t\t<\/article>\n\t\t\t\t<article class=\"elementor-post elementor-grid-item post-14762 post type-post status-publish format-standard hentry category-contencioso-judicial tag-medicamento-tratamento-oncologico-rename-cacon-nat-jus-hemifumarato-de-gilteritinibe entry\">\n\t\t\t\t<div class=\"elementor-post__text\">\n\t\t\t\t<h6 class=\"elementor-post__title\">\n\t\t\t<a href=\"https:\/\/loboadvogados.com\/site\/tribunal-regional-federal-determina-que-a-uniao-forneca-de-medicamento-para-tratamento-oncologico\/\" >\n\t\t\t\tTribunal Regional Federal determina que a Uni\u00e3o forne\u00e7a de medicamento para tratamento oncol\u00f3gico\t\t\t<\/a>\n\t\t<\/h6>\n\t\t\t\t<div class=\"elementor-post__meta-data\">\n\t\t\t\t\t<span class=\"elementor-post-date\">\n\t\t\t06\/11\/2023\t\t<\/span>\n\t\t\t\t<\/div>\n\t\t\t\t<div class=\"elementor-post__excerpt\">\n\t\t\t\t\t<\/div>\n\t\t\n\t\t<a class=\"elementor-post__read-more\" href=\"https:\/\/loboadvogados.com\/site\/tribunal-regional-federal-determina-que-a-uniao-forneca-de-medicamento-para-tratamento-oncologico\/\" aria-label=\"Read more about Tribunal Regional Federal determina que a Uni\u00e3o forne\u00e7a de medicamento para tratamento oncol\u00f3gico\" tabindex=\"-1\" >\n\t\t\tLEIA MAIS +\t\t<\/a>\n\n\t\t\t\t<\/div>\n\t\t\t\t<\/article>\n\t\t\t\t<article class=\"elementor-post elementor-grid-item post-14750 post type-post status-publish format-standard hentry category-contencioso-judicial category-propriedade-intelectual category-trabalhista tag-direito-de-imagem-recuperacao-judicial-classe-trabalhista entry\">\n\t\t\t\t<div class=\"elementor-post__text\">\n\t\t\t\t<h6 class=\"elementor-post__title\">\n\t\t\t<a href=\"https:\/\/loboadvogados.com\/site\/direito-de-imagem-difere-de-salario-e-nao-tem-preferencia-em-recuperacao-judicial\/\" >\n\t\t\t\tDireito de imagem difere de sal\u00e1rio e n\u00e3o tem prefer\u00eancia em recupera\u00e7\u00e3o judicial\t\t\t<\/a>\n\t\t<\/h6>\n\t\t\t\t<div class=\"elementor-post__meta-data\">\n\t\t\t\t\t<span class=\"elementor-post-date\">\n\t\t\t02\/08\/2023\t\t<\/span>\n\t\t\t\t<\/div>\n\t\t\t\t<div class=\"elementor-post__excerpt\">\n\t\t\t\t\t<\/div>\n\t\t\n\t\t<a class=\"elementor-post__read-more\" href=\"https:\/\/loboadvogados.com\/site\/direito-de-imagem-difere-de-salario-e-nao-tem-preferencia-em-recuperacao-judicial\/\" aria-label=\"Read more about Direito de imagem difere de sal\u00e1rio e n\u00e3o tem prefer\u00eancia em recupera\u00e7\u00e3o judicial\" tabindex=\"-1\" >\n\t\t\tLEIA MAIS +\t\t<\/a>\n\n\t\t\t\t<\/div>\n\t\t\t\t<\/article>\n\t\t\t\t<article class=\"elementor-post elementor-grid-item post-14737 post type-post status-publish format-standard hentry category-contencioso-judicial category-trabalhista tag-supremo-tribunal-federal-stf-justica-trabalho-cassacao entry\">\n\t\t\t\t<div class=\"elementor-post__text\">\n\t\t\t\t<h6 class=\"elementor-post__title\">\n\t\t\t<a href=\"https:\/\/loboadvogados.com\/site\/stf-cassa-decisao-da-justica-do-trabalho-sobre-verbas-de-funcionario-de-fundacao-publica\/\" >\n\t\t\t\tSTF cassa decis\u00e3o da Justi\u00e7a do Trabalho sobre verbas de funcion\u00e1rio de funda\u00e7\u00e3o p\u00fablica\t\t\t<\/a>\n\t\t<\/h6>\n\t\t\t\t<div class=\"elementor-post__meta-data\">\n\t\t\t\t\t<span class=\"elementor-post-date\">\n\t\t\t01\/08\/2023\t\t<\/span>\n\t\t\t\t<\/div>\n\t\t\t\t<div class=\"elementor-post__excerpt\">\n\t\t\t\t\t<\/div>\n\t\t\n\t\t<a class=\"elementor-post__read-more\" href=\"https:\/\/loboadvogados.com\/site\/stf-cassa-decisao-da-justica-do-trabalho-sobre-verbas-de-funcionario-de-fundacao-publica\/\" aria-label=\"Read more about STF cassa decis\u00e3o da Justi\u00e7a do Trabalho sobre verbas de funcion\u00e1rio de funda\u00e7\u00e3o p\u00fablica\" tabindex=\"-1\" >\n\t\t\tLEIA MAIS +\t\t<\/a>\n\n\t\t\t\t<\/div>\n\t\t\t\t<\/article>\n\t\t\t\t<article class=\"elementor-post elementor-grid-item post-14742 post type-post status-publish format-standard hentry category-contencioso-judicial category-tributario tag-tribunal-regional-federal-deducao-imposto-de-renda-fundo-de-previdencia entry\">\n\t\t\t\t<div class=\"elementor-post__text\">\n\t\t\t\t<h6 class=\"elementor-post__title\">\n\t\t\t<a href=\"https:\/\/loboadvogados.com\/site\/reconhecido-o-direito-a-deduzir-de-ir-contribuicoes-extraordinarias-para-fundo-de-previdencia-complementar-em-ate-12\/\" >\n\t\t\t\tReconhecido o direito a deduzir de IR contribui\u00e7\u00f5es extraordin\u00e1rias para fundo de previd\u00eancia complementar em at\u00e9 12%\t\t\t<\/a>\n\t\t<\/h6>\n\t\t\t\t<div class=\"elementor-post__meta-data\">\n\t\t\t\t\t<span class=\"elementor-post-date\">\n\t\t\t01\/08\/2023\t\t<\/span>\n\t\t\t\t<\/div>\n\t\t\t\t<div class=\"elementor-post__excerpt\">\n\t\t\t\t\t<\/div>\n\t\t\n\t\t<a class=\"elementor-post__read-more\" href=\"https:\/\/loboadvogados.com\/site\/reconhecido-o-direito-a-deduzir-de-ir-contribuicoes-extraordinarias-para-fundo-de-previdencia-complementar-em-ate-12\/\" aria-label=\"Read more about Reconhecido o direito a deduzir de IR contribui\u00e7\u00f5es extraordin\u00e1rias para fundo de previd\u00eancia complementar em at\u00e9 12%\" tabindex=\"-1\" >\n\t\t\tLEIA MAIS +\t\t<\/a>\n\n\t\t\t\t<\/div>\n\t\t\t\t<\/article>\n\t\t\t\t<\/div>\n\t\t\n\t\t\t\t\t\t<\/div>\n\t\t\t\t<\/div>\n\t\t\t\t\t<\/div>\n\t\t<\/div>\n\t\t\t\t\t<\/div>\n\t\t<\/section>\n\t\t\t\t<\/div>\n\t\t","protected":false},"excerpt":{"rendered":"<p>PROFISSIONAIS Marcelo Pereira Lobo Advogado inscrito na OAB\/SC sob o n. 12.325; formado pela Faculdade de Direito da Universidade do Vale do Itaja\u00ed (UNIVALI); p\u00f3s-graduado em Media\u00e7\u00e3o e Arbitragem pela Universidade Federal; p\u00f3s-graduado em Direito Empresarial pela Escola Brasileira de Direito (EBRADI); coautor da obra \u201cResponsabilidade civil do fabricante e intermedi\u00e1rios por defeitos de equipamentos&hellip; <a class=\"more-link\" href=\"https:\/\/loboadvogados.com\/site\/reconhecido-o-direito-a-deduzir-de-ir-contribuicoes-extraordinarias-para-fundo-de-previdencia-complementar-em-ate-12\/\">Continue a ler <span class=\"screen-reader-text\">Reconhecido o direito a deduzir de IR contribui\u00e7\u00f5es extraordin\u00e1rias para fundo de previd\u00eancia complementar em at\u00e9 12%<\/span><\/a><\/p>\n","protected":false},"author":1,"featured_media":0,"parent":0,"menu_order":0,"comment_status":"closed","ping_status":"closed","template":"elementor_header_footer","meta":{"_eb_attr":"","footnotes":""},"class_list":["post-39","page","type-page","status-publish","hentry","entry"],"_links":{"self":[{"href":"https:\/\/loboadvogados.com\/site\/wp-json\/wp\/v2\/pages\/39","targetHints":{"allow":["GET"]}}],"collection":[{"href":"https:\/\/loboadvogados.com\/site\/wp-json\/wp\/v2\/pages"}],"about":[{"href":"https:\/\/loboadvogados.com\/site\/wp-json\/wp\/v2\/types\/page"}],"author":[{"embeddable":true,"href":"https:\/\/loboadvogados.com\/site\/wp-json\/wp\/v2\/users\/1"}],"replies":[{"embeddable":true,"href":"https:\/\/loboadvogados.com\/site\/wp-json\/wp\/v2\/comments?post=39"}],"version-history":[{"count":0,"href":"https:\/\/loboadvogados.com\/site\/wp-json\/wp\/v2\/pages\/39\/revisions"}],"wp:attachment":[{"href":"https:\/\/loboadvogados.com\/site\/wp-json\/wp\/v2\/media?parent=39"}],"curies":[{"name":"wp","href":"https:\/\/api.w.org\/{rel}","templated":true}]}}